{"id":3085,"date":"2022-06-30T23:27:07","date_gmt":"2022-06-30T21:27:07","guid":{"rendered":"http:\/\/wjazdqj.cluster030.hosting.ovh.net\/wjazdqj193\/?page_id=3085"},"modified":"2023-08-19T15:55:24","modified_gmt":"2023-08-19T13:55:24","slug":"nos-installations","status":"publish","type":"page","link":"https:\/\/arcsarcelles.com\/index.php\/nos-installations\/","title":{"rendered":"Nos installations"},"content":{"rendered":"\n<p>Situ\u00e9 au c\u0153ur du Centre Sportif Nelson Mandela \u00e0 Sarcelles, notre club a la chance de disposer des infrastructures suivantes :<\/p>\n\n\n\n<ul class=\"wp-block-list\">\n<li>Un pas de tir ext\u00e9rieur permettant de tirer \u00e0 toutes les distances officiels en comp\u00e9tition.<\/li>\n\n\n\n<li>Une salle permanente permettant le tir en salle 18m et le tir ext\u00e9rieur \u00e0 toutes les distances officiels en comp\u00e9tition.<\/li>\n<\/ul>\n\n\n\n<p>Nous disposons aussi un club house avec un atelier mis \u00e0 disposition de l&rsquo;ensemble des adh\u00e9rents.<\/p>\n\n\n\n<figure class=\"wp-block-gallery has-nested-images columns-default is-cropped wp-block-gallery-1 is-layout-flex wp-block-gallery-is-layout-flex\">\n<figure class=\"wp-block-image size-large\"><img loading=\"lazy\" decoding=\"async\" width=\"2560\" height=\"1920\" data-id=\"3316\" src=\"http:\/\/arcsarcelles.com\/wp-content\/uploads\/2022\/10\/20190523_174828-scaled.jpg\" alt=\"\" class=\"wp-image-3316\" srcset=\"https:\/\/arcsarcelles.com\/wp-content\/uploads\/2022\/10\/20190523_174828-scaled.jpg 2560w, https:\/\/arcsarcelles.com\/wp-content\/uploads\/2022\/10\/20190523_174828-300x225.jpg 300w, https:\/\/arcsarcelles.com\/wp-content\/uploads\/2022\/10\/20190523_174828-1024x768.jpg 1024w, https:\/\/arcsarcelles.com\/wp-content\/uploads\/2022\/10\/20190523_174828-768x576.jpg 768w, https:\/\/arcsarcelles.com\/wp-content\/uploads\/2022\/10\/20190523_174828-1536x1152.jpg 1536w, https:\/\/arcsarcelles.com\/wp-content\/uploads\/2022\/10\/20190523_174828-2048x1536.jpg 2048w\" sizes=\"auto, (max-width: 2560px) 100vw, 2560px\" \/><\/figure>\n\n\n\n<figure class=\"wp-block-image size-large\"><img loading=\"lazy\" decoding=\"async\" width=\"1440\" height=\"1080\" data-id=\"3315\" src=\"http:\/\/arcsarcelles.com\/wp-content\/uploads\/2022\/10\/20190523_174557.jpg\" alt=\"\" class=\"wp-image-3315\" srcset=\"https:\/\/arcsarcelles.com\/wp-content\/uploads\/2022\/10\/20190523_174557.jpg 1440w, https:\/\/arcsarcelles.com\/wp-content\/uploads\/2022\/10\/20190523_174557-300x225.jpg 300w, https:\/\/arcsarcelles.com\/wp-content\/uploads\/2022\/10\/20190523_174557-1024x768.jpg 1024w, https:\/\/arcsarcelles.com\/wp-content\/uploads\/2022\/10\/20190523_174557-768x576.jpg 768w\" sizes=\"auto, (max-width: 1440px) 100vw, 1440px\" \/><\/figure>\n\n\n\n<figure class=\"wp-block-image size-large\"><img loading=\"lazy\" decoding=\"async\" width=\"1366\" height=\"399\" data-id=\"3229\" src=\"http:\/\/arcsarcelles.com\/wp-content\/uploads\/2022\/10\/cropped-IMG-20211215-WA0011.jpg\" alt=\"\" class=\"wp-image-3229\" srcset=\"https:\/\/arcsarcelles.com\/wp-content\/uploads\/2022\/10\/cropped-IMG-20211215-WA0011.jpg 1366w, https:\/\/arcsarcelles.com\/wp-content\/uploads\/2022\/10\/cropped-IMG-20211215-WA0011-300x88.jpg 300w, https:\/\/arcsarcelles.com\/wp-content\/uploads\/2022\/10\/cropped-IMG-20211215-WA0011-1024x299.jpg 1024w, https:\/\/arcsarcelles.com\/wp-content\/uploads\/2022\/10\/cropped-IMG-20211215-WA0011-768x224.jpg 768w\" sizes=\"auto, (max-width: 1366px) 100vw, 1366px\" \/><\/figure>\n<\/figure>\n\n\n\n<figure class=\"wp-block-image size-large\"><img loading=\"lazy\" decoding=\"async\" width=\"1024\" height=\"299\" src=\"http:\/\/arcsarcelles.com\/wp-content\/uploads\/2022\/10\/cropped-266815010_3060314800878489_6709361273731427162_n-1024x299.jpg\" alt=\"Salle couverte &amp; logo\" class=\"wp-image-3231\" srcset=\"https:\/\/arcsarcelles.com\/wp-content\/uploads\/2022\/10\/cropped-266815010_3060314800878489_6709361273731427162_n-1024x299.jpg 1024w, https:\/\/arcsarcelles.com\/wp-content\/uploads\/2022\/10\/cropped-266815010_3060314800878489_6709361273731427162_n-300x88.jpg 300w, https:\/\/arcsarcelles.com\/wp-content\/uploads\/2022\/10\/cropped-266815010_3060314800878489_6709361273731427162_n-768x224.jpg 768w, https:\/\/arcsarcelles.com\/wp-content\/uploads\/2022\/10\/cropped-266815010_3060314800878489_6709361273731427162_n.jpg 1366w\" sizes=\"auto, (max-width: 1024px) 100vw, 1024px\" \/><\/figure>\n","protected":false},"excerpt":{"rendered":"<p>Situ\u00e9 au c\u0153ur du Centre Sportif Nelson Mandela \u00e0 Sarcelles, notre club a la chance de disposer des infrastructures suivantes : Nous disposons aussi un club house avec un atelier mis \u00e0 disposition de l&rsquo;ensemble des adh\u00e9rents.<\/p>\n","protected":false},"author":2,"featured_media":2943,"parent":0,"menu_order":0,"comment_status":"closed","ping_status":"closed","template":"","meta":{"_monsterinsights_skip_tracking":false,"_monsterinsights_sitenote_active":false,"_monsterinsights_sitenote_note":"","_monsterinsights_sitenote_category":0,"footnotes":""},"class_list":["post-3085","page","type-page","status-publish","has-post-thumbnail","hentry"],"aioseo_notices":[],"_links":{"self":[{"href":"https:\/\/arcsarcelles.com\/index.php\/wp-json\/wp\/v2\/pages\/3085","targetHints":{"allow":["GET"]}}],"collection":[{"href":"https:\/\/arcsarcelles.com\/index.php\/wp-json\/wp\/v2\/pages"}],"about":[{"href":"https:\/\/arcsarcelles.com\/index.php\/wp-json\/wp\/v2\/types\/page"}],"author":[{"embeddable":true,"href":"https:\/\/arcsarcelles.com\/index.php\/wp-json\/wp\/v2\/users\/2"}],"replies":[{"embeddable":true,"href":"https:\/\/arcsarcelles.com\/index.php\/wp-json\/wp\/v2\/comments?post=3085"}],"version-history":[{"count":5,"href":"https:\/\/arcsarcelles.com\/index.php\/wp-json\/wp\/v2\/pages\/3085\/revisions"}],"predecessor-version":[{"id":3429,"href":"https:\/\/arcsarcelles.com\/index.php\/wp-json\/wp\/v2\/pages\/3085\/revisions\/3429"}],"wp:featuredmedia":[{"embeddable":true,"href":"https:\/\/arcsarcelles.com\/index.php\/wp-json\/"}],"wp:attachment":[{"href":"https:\/\/arcsarcelles.com\/index.php\/wp-json\/wp\/v2\/media?parent=3085"}],"curies":[{"name":"wp","href":"https:\/\/api.w.org\/{rel}","templated":true}]}}