{"id":2661,"date":"2022-06-27T01:18:07","date_gmt":"2022-06-26T23:18:07","guid":{"rendered":"http:\/\/wjazdqj.cluster030.hosting.ovh.net\/wjazdqj193\/?page_id=2661"},"modified":"2025-10-16T11:21:36","modified_gmt":"2025-10-16T09:21:36","slug":"le-comite-directeur","status":"publish","type":"page","link":"https:\/\/arcsarcelles.com\/index.php\/le-comite-directeur\/","title":{"rendered":"Le Comit\u00e9 Directeur"},"content":{"rendered":"\n<p><\/p>\n\n\n\n<p class=\"has-text-align-center\">Les membres du comit\u00e9 directeur 2024 &#8211; 2028.<\/p>\n\n\n\n<p class=\"has-text-align-center\">Le&nbsp;<strong>Comit\u00e9 Directeur<\/strong>&nbsp;assure la gestion courante et l&rsquo;administration de l&rsquo;<strong>association<\/strong>.<\/p>\n\n\n\n<div style=\"height:30px\" aria-hidden=\"true\" class=\"wp-block-spacer\"><\/div>\n\n\n\n<h2 class=\"wp-block-heading\"><\/h2>\n\n\n\n<h2 class=\"wp-block-heading\">Les membres<\/h2>\n\n\n\n<div class=\"wp-block-columns is-style-default is-layout-flex wp-container-core-columns-is-layout-9d6595d7 wp-block-columns-is-layout-flex\">\n<div class=\"wp-block-column is-layout-flow wp-block-column-is-layout-flow\">\n<h3 class=\"wp-block-heading has-text-align-center\">Emeline B.<\/h3>\n\n\n\n<p class=\"has-text-align-center\">Secr\u00e9taire G\u00e9n\u00e9rale<\/p>\n\n\n<div class=\"wp-block-image is-style-rounded\">\n<figure class=\"aligncenter size-full\"><img loading=\"lazy\" decoding=\"async\" width=\"249\" height=\"250\" src=\"http:\/\/arcsarcelles.com\/wp-content\/uploads\/2022\/10\/Emeline-rond.jpg\" alt=\"\" class=\"wp-image-3133\" srcset=\"https:\/\/arcsarcelles.com\/wp-content\/uploads\/2022\/10\/Emeline-rond.jpg 249w, https:\/\/arcsarcelles.com\/wp-content\/uploads\/2022\/10\/Emeline-rond-150x150.jpg 150w\" sizes=\"auto, (max-width: 249px) 100vw, 249px\" \/><figcaption class=\"wp-element-caption\">Secr\u00e9taire g\u00e9n\u00e9rale<\/figcaption><\/figure>\n<\/div><\/div>\n\n\n\n<div class=\"wp-block-column is-layout-flow wp-block-column-is-layout-flow\">\n<h3 class=\"wp-block-heading has-text-align-center\">J\u00e9rome B.<\/h3>\n\n\n\n<p class=\"has-text-align-center\">Pr\u00e9sident<\/p>\n\n\n<div class=\"wp-block-image is-style-rounded\">\n<figure class=\"aligncenter size-full\"><img loading=\"lazy\" decoding=\"async\" width=\"249\" height=\"250\" src=\"https:\/\/arcsarcelles.com\/wp-content\/uploads\/2022\/10\/jerome-rond.jpg\" alt=\"\" class=\"wp-image-3105\" srcset=\"https:\/\/arcsarcelles.com\/wp-content\/uploads\/2022\/10\/jerome-rond.jpg 249w, https:\/\/arcsarcelles.com\/wp-content\/uploads\/2022\/10\/jerome-rond-150x150.jpg 150w\" sizes=\"auto, (max-width: 249px) 100vw, 249px\" \/><figcaption class=\"wp-element-caption\">Pr\u00e9sident du club<\/figcaption><\/figure>\n<\/div><\/div>\n\n\n\n<div class=\"wp-block-column is-layout-flow wp-block-column-is-layout-flow\">\n<h3 class=\"wp-block-heading has-text-align-center\">Flavien P.<\/h3>\n\n\n\n<p class=\"has-text-align-center\">Tr\u00e9sorier<\/p>\n\n\n<div class=\"wp-block-image is-style-rounded\">\n<figure class=\"aligncenter size-full\"><img loading=\"lazy\" decoding=\"async\" width=\"250\" height=\"250\" src=\"http:\/\/arcsarcelles.com\/wp-content\/uploads\/2022\/10\/Flavien-rond-edited.jpg\" alt=\"\" class=\"wp-image-3237\" srcset=\"https:\/\/arcsarcelles.com\/wp-content\/uploads\/2022\/10\/Flavien-rond-edited.jpg 250w, https:\/\/arcsarcelles.com\/wp-content\/uploads\/2022\/10\/Flavien-rond-edited-150x150.jpg 150w\" sizes=\"auto, (max-width: 250px) 100vw, 250px\" \/><figcaption class=\"wp-element-caption\">Tr\u00e9sorier<\/figcaption><\/figure>\n<\/div><\/div>\n<\/div>\n\n\n\n<div class=\"wp-block-columns is-style-default is-layout-flex wp-container-core-columns-is-layout-9d6595d7 wp-block-columns-is-layout-flex\">\n<div class=\"wp-block-column is-layout-flow wp-block-column-is-layout-flow\">\n<h3 class=\"wp-block-heading has-text-align-center\">Jonathan.H<\/h3>\n\n\n\n<figure class=\"wp-block-image size-large\"><img loading=\"lazy\" decoding=\"async\" width=\"1024\" height=\"1024\" src=\"http:\/\/arcsarcelles.com\/wp-content\/uploads\/2022\/10\/01.Logo-Club-2018-1024x1024.jpg\" alt=\"\" class=\"wp-image-3528\" srcset=\"https:\/\/arcsarcelles.com\/wp-content\/uploads\/2022\/10\/01.Logo-Club-2018-1024x1024.jpg 1024w, https:\/\/arcsarcelles.com\/wp-content\/uploads\/2022\/10\/01.Logo-Club-2018-300x300.jpg 300w, https:\/\/arcsarcelles.com\/wp-content\/uploads\/2022\/10\/01.Logo-Club-2018-150x150.jpg 150w, https:\/\/arcsarcelles.com\/wp-content\/uploads\/2022\/10\/01.Logo-Club-2018-768x768.jpg 768w, https:\/\/arcsarcelles.com\/wp-content\/uploads\/2022\/10\/01.Logo-Club-2018-1536x1536.jpg 1536w, https:\/\/arcsarcelles.com\/wp-content\/uploads\/2022\/10\/01.Logo-Club-2018-2048x2048.jpg 2048w\" sizes=\"auto, (max-width: 1024px) 100vw, 1024px\" \/><\/figure>\n<\/div>\n\n\n\n<div class=\"wp-block-column is-layout-flow wp-block-column-is-layout-flow\">\n<h3 class=\"wp-block-heading has-text-align-center\">Rapha\u00ebl.P<\/h3>\n\n\n\n<figure class=\"wp-block-image size-large\"><img loading=\"lazy\" decoding=\"async\" width=\"1024\" height=\"1024\" src=\"http:\/\/arcsarcelles.com\/wp-content\/uploads\/2022\/10\/01.Logo-Club-2018-1024x1024.jpg\" alt=\"\" class=\"wp-image-3528\" srcset=\"https:\/\/arcsarcelles.com\/wp-content\/uploads\/2022\/10\/01.Logo-Club-2018-1024x1024.jpg 1024w, https:\/\/arcsarcelles.com\/wp-content\/uploads\/2022\/10\/01.Logo-Club-2018-300x300.jpg 300w, https:\/\/arcsarcelles.com\/wp-content\/uploads\/2022\/10\/01.Logo-Club-2018-150x150.jpg 150w, https:\/\/arcsarcelles.com\/wp-content\/uploads\/2022\/10\/01.Logo-Club-2018-768x768.jpg 768w, https:\/\/arcsarcelles.com\/wp-content\/uploads\/2022\/10\/01.Logo-Club-2018-1536x1536.jpg 1536w, https:\/\/arcsarcelles.com\/wp-content\/uploads\/2022\/10\/01.Logo-Club-2018-2048x2048.jpg 2048w\" sizes=\"auto, (max-width: 1024px) 100vw, 1024px\" \/><\/figure>\n<\/div>\n\n\n\n<div class=\"wp-block-column is-layout-flow wp-block-column-is-layout-flow\">\n<h3 class=\"wp-block-heading has-text-align-center\">Marie-claire.D<\/h3>\n\n\n\n<figure class=\"wp-block-image size-large\"><img loading=\"lazy\" decoding=\"async\" width=\"1024\" height=\"1024\" src=\"http:\/\/arcsarcelles.com\/wp-content\/uploads\/2022\/10\/01.Logo-Club-2018-1024x1024.jpg\" alt=\"\" class=\"wp-image-3528\" srcset=\"https:\/\/arcsarcelles.com\/wp-content\/uploads\/2022\/10\/01.Logo-Club-2018-1024x1024.jpg 1024w, https:\/\/arcsarcelles.com\/wp-content\/uploads\/2022\/10\/01.Logo-Club-2018-300x300.jpg 300w, https:\/\/arcsarcelles.com\/wp-content\/uploads\/2022\/10\/01.Logo-Club-2018-150x150.jpg 150w, https:\/\/arcsarcelles.com\/wp-content\/uploads\/2022\/10\/01.Logo-Club-2018-768x768.jpg 768w, https:\/\/arcsarcelles.com\/wp-content\/uploads\/2022\/10\/01.Logo-Club-2018-1536x1536.jpg 1536w, https:\/\/arcsarcelles.com\/wp-content\/uploads\/2022\/10\/01.Logo-Club-2018-2048x2048.jpg 2048w\" sizes=\"auto, (max-width: 1024px) 100vw, 1024px\" \/><\/figure>\n<\/div>\n\n\n\n<div class=\"wp-block-column is-layout-flow wp-block-column-is-layout-flow\">\n<h3 class=\"wp-block-heading has-text-align-center\">Salim Y.<\/h3>\n\n\n<div class=\"wp-block-image is-style-rounded\">\n<figure class=\"aligncenter size-full\"><img loading=\"lazy\" decoding=\"async\" width=\"249\" height=\"250\" src=\"http:\/\/arcsarcelles.com\/wp-content\/uploads\/2022\/10\/salim-rond.jpg\" alt=\"\" class=\"wp-image-3137\" srcset=\"https:\/\/arcsarcelles.com\/wp-content\/uploads\/2022\/10\/salim-rond.jpg 249w, https:\/\/arcsarcelles.com\/wp-content\/uploads\/2022\/10\/salim-rond-150x150.jpg 150w\" sizes=\"auto, (max-width: 249px) 100vw, 249px\" \/><\/figure>\n<\/div><\/div>\n<\/div>\n\n\n\n<div class=\"wp-block-columns is-layout-flex wp-container-core-columns-is-layout-9d6595d7 wp-block-columns-is-layout-flex\">\n<div class=\"wp-block-column is-layout-flow wp-block-column-is-layout-flow\">\n<div class=\"wp-block-columns is-style-default is-layout-flex wp-container-core-columns-is-layout-9d6595d7 wp-block-columns-is-layout-flex\">\n<div class=\"wp-block-column is-layout-flow wp-block-column-is-layout-flow\">\n<h3 class=\"wp-block-heading has-text-align-center\">Sony.P<\/h3>\n\n\n\n<figure class=\"wp-block-image size-large\"><img loading=\"lazy\" decoding=\"async\" width=\"1024\" height=\"1024\" src=\"http:\/\/arcsarcelles.com\/wp-content\/uploads\/2022\/10\/01.Logo-Club-2018-S.-Arc-1024x1024.jpg\" alt=\"Logo Club Arc\" class=\"wp-image-3234\" srcset=\"https:\/\/arcsarcelles.com\/wp-content\/uploads\/2022\/10\/01.Logo-Club-2018-S.-Arc-1024x1024.jpg 1024w, https:\/\/arcsarcelles.com\/wp-content\/uploads\/2022\/10\/01.Logo-Club-2018-S.-Arc-300x300.jpg 300w, https:\/\/arcsarcelles.com\/wp-content\/uploads\/2022\/10\/01.Logo-Club-2018-S.-Arc-150x150.jpg 150w, https:\/\/arcsarcelles.com\/wp-content\/uploads\/2022\/10\/01.Logo-Club-2018-S.-Arc-768x768.jpg 768w, https:\/\/arcsarcelles.com\/wp-content\/uploads\/2022\/10\/01.Logo-Club-2018-S.-Arc-1536x1536.jpg 1536w, https:\/\/arcsarcelles.com\/wp-content\/uploads\/2022\/10\/01.Logo-Club-2018-S.-Arc-2048x2048.jpg 2048w\" sizes=\"auto, (max-width: 1024px) 100vw, 1024px\" \/><\/figure>\n<\/div>\n\n\n\n<div class=\"wp-block-column is-layout-flow wp-block-column-is-layout-flow\">\n<h3 class=\"wp-block-heading has-text-align-center\"><\/h3>\n<\/div>\n\n\n\n<div class=\"wp-block-column is-layout-flow wp-block-column-is-layout-flow\">\n<h3 class=\"wp-block-heading has-text-align-center\"><\/h3>\n<\/div>\n\n\n\n<div class=\"wp-block-column is-layout-flow wp-block-column-is-layout-flow\">\n<h3 class=\"wp-block-heading has-text-align-center\"><\/h3>\n<\/div>\n<\/div>\n<\/div>\n<\/div>\n\n\n\n<p><\/p>\n","protected":false},"excerpt":{"rendered":"<p>Les membres du comit\u00e9 directeur 2024 &#8211; 2028. Le&nbsp;Comit\u00e9 Directeur&nbsp;assure la gestion courante et l&rsquo;administration de l&rsquo;association. Les membres Emeline B. Secr\u00e9taire G\u00e9n\u00e9rale J\u00e9rome B. Pr\u00e9sident Flavien P. Tr\u00e9sorier Jonathan.H Rapha\u00ebl.P Marie-claire.D Salim Y. Sony.P<\/p>\n","protected":false},"author":2,"featured_media":2579,"parent":0,"menu_order":0,"comment_status":"closed","ping_status":"closed","template":"","meta":{"_monsterinsights_skip_tracking":false,"_monsterinsights_sitenote_active":false,"_monsterinsights_sitenote_note":"","_monsterinsights_sitenote_category":0,"footnotes":""},"class_list":["post-2661","page","type-page","status-publish","has-post-thumbnail","hentry"],"aioseo_notices":[],"_links":{"self":[{"href":"https:\/\/arcsarcelles.com\/index.php\/wp-json\/wp\/v2\/pages\/2661","targetHints":{"allow":["GET"]}}],"collection":[{"href":"https:\/\/arcsarcelles.com\/index.php\/wp-json\/wp\/v2\/pages"}],"about":[{"href":"https:\/\/arcsarcelles.com\/index.php\/wp-json\/wp\/v2\/types\/page"}],"author":[{"embeddable":true,"href":"https:\/\/arcsarcelles.com\/index.php\/wp-json\/wp\/v2\/users\/2"}],"replies":[{"embeddable":true,"href":"https:\/\/arcsarcelles.com\/index.php\/wp-json\/wp\/v2\/comments?post=2661"}],"version-history":[{"count":6,"href":"https:\/\/arcsarcelles.com\/index.php\/wp-json\/wp\/v2\/pages\/2661\/revisions"}],"predecessor-version":[{"id":3558,"href":"https:\/\/arcsarcelles.com\/index.php\/wp-json\/wp\/v2\/pages\/2661\/revisions\/3558"}],"wp:featuredmedia":[{"embeddable":true,"href":"https:\/\/arcsarcelles.com\/index.php\/wp-json\/"}],"wp:attachment":[{"href":"https:\/\/arcsarcelles.com\/index.php\/wp-json\/wp\/v2\/media?parent=2661"}],"curies":[{"name":"wp","href":"https:\/\/api.w.org\/{rel}","templated":true}]}}