{"id":2653,"date":"2022-06-27T01:11:03","date_gmt":"2022-06-26T23:11:03","guid":{"rendered":"http:\/\/wjazdqj.cluster030.hosting.ovh.net\/wjazdqj193\/?page_id=2653"},"modified":"2025-08-29T16:58:00","modified_gmt":"2025-08-29T14:58:00","slug":"tarifs","status":"publish","type":"page","link":"https:\/\/arcsarcelles.com\/index.php\/infos-pratiques\/tarifs\/","title":{"rendered":"Tarifs &#038; Inscriptions"},"content":{"rendered":"\n<p>Vous trouverez ici tout ce qui concerne les cat\u00e9gories, types de licence et cotisation pour la saison 2025 \/ 2026.<\/p>\n\n\n\n<p>Le fichier t\u00e9l\u00e9chargeable vous permettra de pr\u00e9parer tranquillement votre dossier avant de venir proc\u00e9der \u00e0 votre inscription.<\/p>\n\n\n\n<p><br>Pour tous renseignements compl\u00e9mentaires vous pouvez utiliser le formulaire de contact en bas de page auquel nous r\u00e9pondrons le plus rapidement possible.<\/p>\n\n\n\n<p>Dans l&rsquo;attente de vous rencontrer.<\/p>\n\n\n\n<p><strong>Le Comit\u00e9 Directeur.<\/strong><\/p>\n\n\n\n<div style=\"height:30px\" aria-hidden=\"true\" class=\"wp-block-spacer\"><\/div>\n\n\n\n<div class=\"wp-block-columns is-layout-flex wp-container-core-columns-is-layout-9d6595d7 wp-block-columns-is-layout-flex\">\n<div class=\"wp-block-column is-layout-flow wp-block-column-is-layout-flow\">\n<div class=\"wp-block-buttons is-content-justification-center is-layout-flex wp-container-core-buttons-is-layout-16018d1d wp-block-buttons-is-layout-flex\">\n<div class=\"wp-block-button\"><a class=\"wp-block-button__link wp-element-button\" href=\"http:\/\/arcsarcelles.com\/wp-content\/uploads\/2025\/08\/Dossier-inscription-2026.pdf\">Dossier d&rsquo;inscription<\/a><\/div>\n<\/div>\n<\/div>\n\n\n\n<div class=\"wp-block-column is-layout-flow wp-block-column-is-layout-flow\">\n<div class=\"wp-block-buttons is-content-justification-center is-layout-flex wp-container-core-buttons-is-layout-16018d1d wp-block-buttons-is-layout-flex\">\n<div class=\"wp-block-button\"><a class=\"wp-block-button__link wp-element-button\" href=\"http:\/\/arcsarcelles.com\/index.php\/nous-contacter\/\">Formulaire de contact<\/a><\/div>\n<\/div>\n<\/div>\n<\/div>\n\n\n\n<div style=\"height:60px\" aria-hidden=\"true\" class=\"wp-block-spacer\"><\/div>\n\n\n\n<p>Nous acceptons les inscriptions \u00e0 partir de&nbsp;<strong>5 ans.<br><\/strong>Pour les enfants de 5 \u00e0 9 ans,&nbsp;seul les 2 \u00e9ducateurs dipl\u00f4m\u00e9 d&rsquo;\u00e9tat pourront juger de leur aptitudes.<\/p>\n\n\n\n<h2 class=\"wp-block-heading\">Tarifs 2025-2026<\/h2>\n\n\n\n<figure class=\"wp-block-table\"><table class=\"has-white-background-color has-background\"><thead><tr><th class=\"has-text-align-center\" data-align=\"center\">Cat\u00e9gorie<\/th><th class=\"has-text-align-center\" data-align=\"center\">Type de Licence<\/th><th class=\"has-text-align-center\" data-align=\"center\">Tarif 1 *<\/th><th class=\"has-text-align-center\" data-align=\"center\">Tarif 2 *<\/th><\/tr><\/thead><tbody><tr><td class=\"has-text-align-center\" data-align=\"center\">Jeunes et Adultes<\/td><td class=\"has-text-align-center\" data-align=\"center\">D\u00e9butant\/Loisir \/ Comp\u00e9tition avec pr\u00eat du mat\u00e9riel<\/td><td class=\"has-text-align-center\" data-align=\"center\">260,00 \u20ac<\/td><td class=\"has-text-align-center\" data-align=\"center\">240,00 \u20ac<\/td><\/tr><tr><td class=\"has-text-align-center\" data-align=\"center\"><\/td><td class=\"has-text-align-center\" data-align=\"center\"><\/td><td class=\"has-text-align-center\" data-align=\"center\"><\/td><td class=\"has-text-align-center\" data-align=\"center\"><\/td><\/tr><\/tbody><\/table><\/figure>\n\n\n\n<h2 class=\"wp-block-heading\">Tarifs 2025-2026<\/h2>\n\n\n\n<figure class=\"wp-block-table\"><table class=\"has-white-background-color has-background\"><thead><tr><th class=\"has-text-align-center\" data-align=\"center\">Cat\u00e9gorie<\/th><th class=\"has-text-align-center\" data-align=\"center\">Type de Licence<\/th><th class=\"has-text-align-center\" data-align=\"center\">Tarif 1 *<\/th><th class=\"has-text-align-center\" data-align=\"center\">Tarif 2 *<\/th><\/tr><\/thead><tbody><tr><td class=\"has-text-align-center\" data-align=\"center\">Jeunes et Adultes<\/td><td class=\"has-text-align-center\" data-align=\"center\">loisir\/comp\u00e9titeur sans pr\u00eat du mat\u00e9riel<\/td><td class=\"has-text-align-center\" data-align=\"center\">240,00 \u20ac<\/td><td class=\"has-text-align-center\" data-align=\"center\">220,00 \u20ac<\/td><\/tr><\/tbody><\/table><\/figure>\n\n\n\n<p><\/p>\n\n\n\n<p>Tarif 1 : Cotisation pour une licence.<\/p>\n\n\n\n<p>Tarif 2 : Cotisation pour deux licences et + au sein d&rsquo;une m\u00eame famille<\/p>\n\n\n\n<p>Possibilit\u00e9 de payer en trois fois (premier versement \u00e9quivalent au tarif FFTA)<\/p>\n\n\n\n<h2 class=\"wp-block-heading\" id=\"categorie-ages\">Les cat\u00e9gories d&rsquo;\u00e2ges<\/h2>\n\n\n\n<div class=\"wp-block-columns is-layout-flex wp-container-core-columns-is-layout-9d6595d7 wp-block-columns-is-layout-flex\">\n<div class=\"wp-block-column is-layout-flow wp-block-column-is-layout-flow\">\n<figure class=\"wp-block-table\"><table class=\"has-white-background-color has-background\"><thead><tr><th>Cat\u00e9gorie<\/th><th>Age en 2026<\/th><\/tr><\/thead><tbody><tr><td>u11<\/td><td>10 ans et moins<\/td><\/tr><tr><td>u13<\/td><td>11 \u00e0 12 ans<\/td><\/tr><\/tbody><\/table><\/figure>\n<\/div>\n\n\n\n<div class=\"wp-block-column is-layout-flow wp-block-column-is-layout-flow\">\n<figure class=\"wp-block-table\"><table class=\"has-white-background-color has-background\"><thead><tr><th>Cat\u00e9gorie<\/th><th>Age en 2026<\/th><\/tr><\/thead><tbody><tr><td>u15<\/td><td>13 \u00e0 14 ans<\/td><\/tr><tr><td>u18<\/td><td>15 \u00e0 17 ans<\/td><\/tr><tr><td>u21<\/td><td>18 \u00e0 20 ans<\/td><\/tr><\/tbody><\/table><\/figure>\n<\/div>\n\n\n\n<div class=\"wp-block-column is-layout-flow wp-block-column-is-layout-flow\">\n<figure class=\"wp-block-table\"><table class=\"has-white-background-color has-background\"><thead><tr><th>Cat\u00e9gorie<\/th><th>Age en 2026<\/th><\/tr><\/thead><tbody><tr><td>Senior 1<\/td><td>21 \u00e0 38 ans<\/td><\/tr><tr><td>Senior 2<\/td><td>39 \u00e0 58 ans<\/td><\/tr><tr><td>Senior 3<\/td><td>59 ans et plus<\/td><\/tr><\/tbody><\/table><\/figure>\n<\/div>\n<\/div>\n","protected":false},"excerpt":{"rendered":"<p>Vous trouverez ici tout ce qui concerne les cat\u00e9gories, types de licence et cotisation pour la saison 2025 \/ 2026. Le fichier t\u00e9l\u00e9chargeable vous permettra de pr\u00e9parer tranquillement votre dossier avant de venir proc\u00e9der \u00e0 votre inscription. Pour tous renseignements compl\u00e9mentaires vous pouvez utiliser le formulaire de contact en bas de page auquel nous r\u00e9pondrons [&hellip;]<\/p>\n","protected":false},"author":4,"featured_media":0,"parent":2649,"menu_order":2,"comment_status":"closed","ping_status":"closed","template":"","meta":{"_monsterinsights_skip_tracking":false,"_monsterinsights_sitenote_active":false,"_monsterinsights_sitenote_note":"","_monsterinsights_sitenote_category":0,"footnotes":""},"class_list":["post-2653","page","type-page","status-publish","hentry"],"aioseo_notices":[],"_links":{"self":[{"href":"https:\/\/arcsarcelles.com\/index.php\/wp-json\/wp\/v2\/pages\/2653","targetHints":{"allow":["GET"]}}],"collection":[{"href":"https:\/\/arcsarcelles.com\/index.php\/wp-json\/wp\/v2\/pages"}],"about":[{"href":"https:\/\/arcsarcelles.com\/index.php\/wp-json\/wp\/v2\/types\/page"}],"author":[{"embeddable":true,"href":"https:\/\/arcsarcelles.com\/index.php\/wp-json\/wp\/v2\/users\/4"}],"replies":[{"embeddable":true,"href":"https:\/\/arcsarcelles.com\/index.php\/wp-json\/wp\/v2\/comments?post=2653"}],"version-history":[{"count":16,"href":"https:\/\/arcsarcelles.com\/index.php\/wp-json\/wp\/v2\/pages\/2653\/revisions"}],"predecessor-version":[{"id":3535,"href":"https:\/\/arcsarcelles.com\/index.php\/wp-json\/wp\/v2\/pages\/2653\/revisions\/3535"}],"up":[{"embeddable":true,"href":"https:\/\/arcsarcelles.com\/index.php\/wp-json\/wp\/v2\/pages\/2649"}],"wp:attachment":[{"href":"https:\/\/arcsarcelles.com\/index.php\/wp-json\/wp\/v2\/media?parent=2653"}],"curies":[{"name":"wp","href":"https:\/\/api.w.org\/{rel}","templated":true}]}}