{"id":2523,"date":"2022-06-25T10:04:41","date_gmt":"2022-06-25T08:04:41","guid":{"rendered":"http:\/\/wjazdqj.cluster030.hosting.ovh.net\/wjazdqj193\/index.php\/contact-us-3\/"},"modified":"2022-10-06T23:15:50","modified_gmt":"2022-10-06T21:15:50","slug":"nous-contacter","status":"publish","type":"page","link":"https:\/\/arcsarcelles.com\/index.php\/nous-contacter\/","title":{"rendered":"Nous contacter"},"content":{"rendered":"\n<div style=\"height:15px\" aria-hidden=\"true\" class=\"wp-block-spacer\"><\/div>\n\n\n\n<div class=\"wp-block-columns is-layout-flex wp-container-core-columns-is-layout-9d6595d7 wp-block-columns-is-layout-flex\">\n<div class=\"wp-block-column is-layout-flow wp-block-column-is-layout-flow\" style=\"flex-basis:40%\">\n<h2 class=\"wp-block-heading\">Nos contacter<\/h2>\n\n\n\n<p>01 39 90 18 00<\/p>\n\n\n\n<div class=\"wp-block-group\"><div class=\"wp-block-group__inner-container is-layout-flow wp-block-group-is-layout-flow\">\n<h2 class=\"wp-block-heading\">Notre adresse<\/h2>\n\n\n\n<p>Centre Sportif Nelson Mandela, <\/p>\n\n\n\n<p>1 Avenue Paul Langevin, 95200 Sarcelles<\/p>\n\n\n\n<div style=\"height:15px\" aria-hidden=\"true\" class=\"wp-block-spacer\"><\/div>\n\n\n<p><iframe src=\"https:\/\/www.google.com\/maps\/embed?pb=!1m18!1m12!1m3!1d2618.443119680655!2d2.381213215685084!3d48.98312419986996!2m3!1f0!2f0!3f0!3m2!1i1024!2i768!4f13.1!3m3!1m2!1s0x47e66a29af93a5f1%3A0xfbf9e0cb6c50beab!2sCentre%20Sportif%20Nelson%20Mandela!5e0!3m2!1sfr!2sfr!4v1665001884311!5m2!1sfr!2sfr\" width=\"300\" height=\"200\" style=\"border:0;\" allowfullscreen=\"\" loading=\"lazy\" referrerpolicy=\"no-referrer-when-downgrade\"><\/iframe><\/p>\n<\/div><\/div>\n\n\n\n<div class=\"wp-block-group\"><div class=\"wp-block-group__inner-container is-layout-flow wp-block-group-is-layout-flow\">\n<h2 class=\"wp-block-heading\">Nos horaires<\/h2>\n\n\n\n<p>Vous pouvez venir nous rendre visite directement dans nos locaux : <\/p>\n\n\n\n<figure class=\"wp-block-table alignfull is-style-regular has-small-font-size\" style=\"font-style:italic;font-weight:500;letter-spacing:1px\"><table><tbody><tr><td>Lundi<\/td><td>14:00 &#8211; 20:00<\/td><\/tr><tr><td>Mardi<\/td><td>Ferm\u00e9<\/td><\/tr><tr><td>Mercredi<\/td><td>14:00 &#8211; 20:00<\/td><\/tr><tr><td>Jeudi<\/td><td>14:00 &#8211; 20:00<\/td><\/tr><tr><td>Vendredi<\/td><td>Ferm\u00e9<\/td><\/tr><tr><td>Samedi<\/td><td>13:00 &#8211; 18:00<\/td><\/tr><\/tbody><\/table><\/figure>\n<\/div><\/div>\n<\/div>\n\n\n\n<div class=\"wp-block-column is-layout-flow wp-block-column-is-layout-flow\" style=\"flex-basis:60%\">\n<h2 class=\"wp-block-heading\">Des questions ?<\/h2>\n\n\n\n<p>Nous sommes toujours joignable. Alors n&rsquo;h\u00e9sitez pas \u00e0 nous contacter, nous nous ferons un plaisir de revenir vers vous dans les plus brefs d\u00e9lais.  <\/p>\n\n\n<div class=\"wpforms-container wpforms-container-full wpforms-block\" id=\"wpforms-2492\"><form id=\"wpforms-form-2492\" class=\"wpforms-validate wpforms-form\" data-formid=\"2492\" method=\"post\" enctype=\"multipart\/form-data\" action=\"\/index.php\/wp-json\/wp\/v2\/pages\/2523\" data-token=\"5cfdfc618708c749a84eb5a673a96e59\" data-token-time=\"1776408531\"><noscript class=\"wpforms-error-noscript\">Veuillez activer JavaScript dans votre navigateur pour remplir ce formulaire.<\/noscript><div class=\"wpforms-field-container\"><div id=\"wpforms-2492-field_0-container\" class=\"wpforms-field wpforms-field-name\" data-field-id=\"0\"><label class=\"wpforms-field-label\">Nom <span class=\"wpforms-required-label\">*<\/span><\/label><div class=\"wpforms-field-row wpforms-field-medium\"><div class=\"wpforms-field-row-block wpforms-first wpforms-one-half\"><input type=\"text\" id=\"wpforms-2492-field_0\" class=\"wpforms-field-name-first wpforms-field-required\" name=\"wpforms[fields][0][first]\" required><label for=\"wpforms-2492-field_0\" class=\"wpforms-field-sublabel after\">Pr\u00e9nom<\/label><\/div><div class=\"wpforms-field-row-block wpforms-one-half\"><input type=\"text\" id=\"wpforms-2492-field_0-last\" class=\"wpforms-field-name-last wpforms-field-required\" name=\"wpforms[fields][0][last]\" required><label for=\"wpforms-2492-field_0-last\" class=\"wpforms-field-sublabel after\">Nom<\/label><\/div><\/div><\/div><div id=\"wpforms-2492-field_1-container\" class=\"wpforms-field wpforms-field-email\" data-field-id=\"1\"><label class=\"wpforms-field-label\" for=\"wpforms-2492-field_1\">Email <span class=\"wpforms-required-label\">*<\/span><\/label><input type=\"email\" id=\"wpforms-2492-field_1\" class=\"wpforms-field-medium wpforms-field-required\" name=\"wpforms[fields][1]\" spellcheck=\"false\" required><\/div><div id=\"wpforms-2492-field_2-container\" class=\"wpforms-field wpforms-field-textarea\" data-field-id=\"2\"><label class=\"wpforms-field-label\" for=\"wpforms-2492-field_2\">Votre message <span class=\"wpforms-required-label\">*<\/span><\/label><textarea id=\"wpforms-2492-field_2\" class=\"wpforms-field-medium wpforms-field-required\" name=\"wpforms[fields][2]\" required><\/textarea><\/div><\/div><!-- .wpforms-field-container --><div class=\"wpforms-recaptcha-container wpforms-is-recaptcha wpforms-is-recaptcha-type-v3\" ><input type=\"hidden\" name=\"wpforms[recaptcha]\" value=\"\"><\/div><div class=\"wpforms-submit-container\" ><input type=\"hidden\" name=\"wpforms[id]\" value=\"2492\"><input type=\"hidden\" name=\"page_title\" value=\"\"><input type=\"hidden\" name=\"page_url\" value=\"https:\/\/arcsarcelles.com\/index.php\/wp-json\/wp\/v2\/pages\/2523\"><input type=\"hidden\" name=\"url_referer\" value=\"\"><button type=\"submit\" name=\"wpforms[submit]\" id=\"wpforms-submit-2492\" class=\"wpforms-submit\" data-alt-text=\"Envoi en cours...\" data-submit-text=\"Envoyer\" aria-live=\"assertive\" value=\"wpforms-submit\">Envoyer<\/button><\/div><\/form><\/div>  <!-- .wpforms-container --><\/div>\n<\/div>\n","protected":false},"excerpt":{"rendered":"<p>Nos contacter 01 39 90 18 00 Notre adresse Centre Sportif Nelson Mandela, 1 Avenue Paul Langevin, 95200 Sarcelles Nos horaires Vous pouvez venir nous rendre visite directement dans nos locaux : Lundi 14:00 &#8211; 20:00 Mardi Ferm\u00e9 Mercredi 14:00 &#8211; 20:00 Jeudi 14:00 &#8211; 20:00 Vendredi Ferm\u00e9 Samedi 13:00 &#8211; 18:00 Des questions ? [&hellip;]<\/p>\n","protected":false},"author":2,"featured_media":2609,"parent":0,"menu_order":6,"comment_status":"closed","ping_status":"closed","template":"","meta":{"_monsterinsights_skip_tracking":false,"_monsterinsights_sitenote_active":false,"_monsterinsights_sitenote_note":"","_monsterinsights_sitenote_category":0,"footnotes":""},"class_list":["post-2523","page","type-page","status-publish","has-post-thumbnail","hentry"],"aioseo_notices":[],"_links":{"self":[{"href":"https:\/\/arcsarcelles.com\/index.php\/wp-json\/wp\/v2\/pages\/2523","targetHints":{"allow":["GET"]}}],"collection":[{"href":"https:\/\/arcsarcelles.com\/index.php\/wp-json\/wp\/v2\/pages"}],"about":[{"href":"https:\/\/arcsarcelles.com\/index.php\/wp-json\/wp\/v2\/types\/page"}],"author":[{"embeddable":true,"href":"https:\/\/arcsarcelles.com\/index.php\/wp-json\/wp\/v2\/users\/2"}],"replies":[{"embeddable":true,"href":"https:\/\/arcsarcelles.com\/index.php\/wp-json\/wp\/v2\/comments?post=2523"}],"version-history":[{"count":13,"href":"https:\/\/arcsarcelles.com\/index.php\/wp-json\/wp\/v2\/pages\/2523\/revisions"}],"predecessor-version":[{"id":3304,"href":"https:\/\/arcsarcelles.com\/index.php\/wp-json\/wp\/v2\/pages\/2523\/revisions\/3304"}],"wp:featuredmedia":[{"embeddable":true,"href":"https:\/\/arcsarcelles.com\/index.php\/wp-json\/"}],"wp:attachment":[{"href":"https:\/\/arcsarcelles.com\/index.php\/wp-json\/wp\/v2\/media?parent=2523"}],"curies":[{"name":"wp","href":"https:\/\/api.w.org\/{rel}","templated":true}]}}